{"id":539,"date":"2019-02-04T10:04:09","date_gmt":"2019-02-04T10:04:09","guid":{"rendered":"http:\/\/hestiafundacion.org\/?page_id=539"},"modified":"2023-09-21T10:35:43","modified_gmt":"2023-09-21T08:35:43","slug":"qui-som","status":"publish","type":"page","link":"http:\/\/hestiafundacion.org\/ca\/qui-som\/","title":{"rendered":"Qui som"},"content":{"rendered":"<p>[vc_row css_animation=&#8221;&#8221; row_type=&#8221;row&#8221; use_row_as_full_screen_section=&#8221;no&#8221; type=&#8221;full_width&#8221; angled_section=&#8221;no&#8221; text_align=&#8221;left&#8221; background_image_as_pattern=&#8221;without_pattern&#8221; el_class=&#8221;cabecera&#8221; z_index=&#8221;&#8221;][vc_column][vc_single_image image=&#8221;557&#8243; img_size=&#8221;full&#8221; alignment=&#8221;center&#8221; qode_css_animation=&#8221;&#8221;][\/vc_column][\/vc_row][vc_row css_animation=&#8221;&#8221; row_type=&#8221;row&#8221; use_row_as_full_screen_section=&#8221;no&#8221; type=&#8221;grid&#8221; angled_section=&#8221;no&#8221; text_align=&#8221;left&#8221; background_image_as_pattern=&#8221;without_pattern&#8221; z_index=&#8221;&#8221;][vc_column][vc_empty_space height=&#8221;80px&#8221;][vc_column_text]<\/p>\n<p style=\"text-align: center; font-size: 20px;\">La <strong>Fundaci\u00f3 Hestia<\/strong> \u00e9s una organitzaci\u00f3 sense \u00e0nim de lucre enfocada a la protecci\u00f3 de les persones m\u00e9s vulnerables, la innovaci\u00f3 en l\u2019\u00e0mbit sociosanitari i de la salut mental, i la sensibilitzaci\u00f3 a la societat sobre aquests valors.<\/p>\n<p>[\/vc_column_text][vc_empty_space height=&#8221;60px&#8221;][vc_column_text]<\/p>\n<h3 style=\"text-align: center;\">Or\u00edgens<\/h3>\n<p>[\/vc_column_text][vc_empty_space height=&#8221;20px&#8221;][vc_column_text]<\/p>\n<p style=\"text-align: center; font-size: 17px;\">La <strong>Fundaci\u00f3 Hestia<\/strong> es crea amb la finalitat de prestar atenci\u00f3 sociosanit\u00e0ria i en salut mental, i fomentar la recerca i la doc\u00e8ncia en aquestes disciplines.<\/p>\n<p>&nbsp;<\/p>\n<p style=\"text-align: center; font-size: 17px;\">Al llarg de la seva traject\u00f2ria, va afegir als seus objectius la prestaci\u00f3 de mesures de suport per a l&#8217;exercici de la capacitat jur\u00eddica de persones amb malaltia mental i\/o dem\u00e8ncia, i la col\u00b7 laboraci\u00f3 en aquestes tasques amb altres fundacions del mateix \u00e0mbit d&#8217;actuaci\u00f3, com ara la Fundaci\u00f3 Santa Maria.<\/p>\n<p>\u00a0[\/vc_column_text][\/vc_column][\/vc_row][vc_row css_animation=&#8221;&#8221; row_type=&#8221;row&#8221; use_row_as_full_screen_section=&#8221;no&#8221; type=&#8221;full_width&#8221; angled_section=&#8221;no&#8221; text_align=&#8221;left&#8221; background_image_as_pattern=&#8221;without_pattern&#8221;][vc_column][vc_empty_space height=&#8221;150px&#8221;][\/vc_column][\/vc_row][vc_row css_animation=&#8221;&#8221; row_type=&#8221;row&#8221; use_row_as_full_screen_section=&#8221;no&#8221; type=&#8221;grid&#8221; angled_section=&#8221;no&#8221; text_align=&#8221;left&#8221; background_image_as_pattern=&#8221;without_pattern&#8221; z_index=&#8221;&#8221;][vc_column][vc_column_text]<\/p>\n<h2 style=\"text-align: center;\">Missi\u00f3, visi\u00f3 i valors<\/h2>\n<p>[\/vc_column_text][\/vc_column][\/vc_row][vc_row css_animation=&#8221;&#8221; row_type=&#8221;row&#8221; use_row_as_full_screen_section=&#8221;no&#8221; type=&#8221;full_width&#8221; angled_section=&#8221;no&#8221; text_align=&#8221;left&#8221; background_image_as_pattern=&#8221;without_pattern&#8221;][vc_column][vc_empty_space height=&#8221;40px&#8221;][\/vc_column][\/vc_row][vc_row css_animation=&#8221;&#8221; row_type=&#8221;row&#8221; use_row_as_full_screen_section=&#8221;no&#8221; type=&#8221;full_width&#8221; angled_section=&#8221;no&#8221; text_align=&#8221;left&#8221; background_image_as_pattern=&#8221;without_pattern&#8221; el_class=&#8221;cabecera&#8221; z_index=&#8221;&#8221; css=&#8221;.vc_custom_1549270098167{background-color: #ffffff !important;}&#8221;][vc_column][qode_elements_holder number_of_columns=&#8221;two_columns&#8221; alignment_one_column=&#8221;center&#8221;][qode_elements_holder_item vertical_alignment=&#8221;middle&#8221; horizontal_alignment=&#8221;center&#8221; advanced_animations=&#8221;no&#8221;][vc_single_image image=&#8221;555&#8243; img_size=&#8221;full&#8221; alignment=&#8221;right&#8221; qode_css_animation=&#8221;&#8221;][\/qode_elements_holder_item][qode_elements_holder_item item_padding=&#8221;30px 30px 30px 30px&#8221; vertical_alignment=&#8221;middle&#8221; horizontal_alignment=&#8221;center&#8221; advanced_animations=&#8221;no&#8221;][vc_column_text]<\/p>\n<h3 style=\"text-align: center;\">Missi\u00f3<\/h3>\n<p>[\/vc_column_text][vc_empty_space height=&#8221;15px&#8221;][vc_column_text]<\/p>\n<p style=\"text-align: center;\">La Fundaci\u00f3 Hestia \u00e9s una entitat compromesa amb la protecci\u00f3 de col\u00b7lectius vulnerables i la cura de persones amb una malaltia mental o en proc\u00e9s d\u2019envelliment. Sensibilitzem\u00a0a la\u00a0poblaci\u00f3\u00a0sobre les necessitats d&#8217;aquests col\u00b7lectius. Ens guien\u00a0l&#8217;excel\u00b7l\u00e8ncia\u00a0i la innovaci\u00f3.<\/p>\n<p>[\/vc_column_text][\/qode_elements_holder_item][\/qode_elements_holder][\/vc_column][\/vc_row][vc_row css_animation=&#8221;&#8221; row_type=&#8221;row&#8221; use_row_as_full_screen_section=&#8221;no&#8221; type=&#8221;full_width&#8221; angled_section=&#8221;no&#8221; text_align=&#8221;left&#8221; background_image_as_pattern=&#8221;without_pattern&#8221; el_class=&#8221;cabecera&#8221; z_index=&#8221;&#8221; css=&#8221;.vc_custom_1549270098167{background-color: #ffffff !important;}&#8221;][vc_column offset=&#8221;vc_hidden-xs&#8221;][qode_elements_holder number_of_columns=&#8221;two_columns&#8221; alignment_one_column=&#8221;center&#8221;][qode_elements_holder_item item_padding=&#8221;30px 30px 30px 30px&#8221; vertical_alignment=&#8221;middle&#8221; horizontal_alignment=&#8221;center&#8221; advanced_animations=&#8221;no&#8221; custom_class=&#8221;vc_col-sm-pull-6&#8243;][vc_column_text]<\/p>\n<h3 style=\"text-align: center;\">Visi\u00f3<\/h3>\n<p>[\/vc_column_text][vc_empty_space height=&#8221;15px&#8221;][vc_column_text]<\/p>\n<p style=\"text-align: center;\">Cerquem l\u2019excel\u00b7l\u00e8ncia en els processos d\u2019inclusi\u00f3 social i d\u2019acceptaci\u00f3 de la diversitat dels col\u00b7lectius fragils.Volem ser referents de quality en la recerca de noves f\u00f2rmules per atendre a les persones grans o amb malaltia mental.<\/p>\n<p>[\/vc_column_text][\/qode_elements_holder_item][qode_elements_holder_item vertical_alignment=&#8221;middle&#8221; horizontal_alignment=&#8221;center&#8221; advanced_animations=&#8221;no&#8221;][vc_single_image image=&#8221;552&#8243; img_size=&#8221;full&#8221; qode_css_animation=&#8221;&#8221;][\/qode_elements_holder_item][\/qode_elements_holder][\/vc_column][\/vc_row][vc_row css_animation=&#8221;&#8221; row_type=&#8221;row&#8221; use_row_as_full_screen_section=&#8221;no&#8221; type=&#8221;full_width&#8221; angled_section=&#8221;no&#8221; text_align=&#8221;left&#8221; background_image_as_pattern=&#8221;without_pattern&#8221; el_class=&#8221;cabecera&#8221; z_index=&#8221;&#8221; css=&#8221;.vc_custom_1549270098167{background-color: #ffffff !important;}&#8221;][vc_column offset=&#8221;vc_hidden-lg vc_hidden-md vc_hidden-sm&#8221;][qode_elements_holder number_of_columns=&#8221;two_columns&#8221; alignment_one_column=&#8221;center&#8221;][qode_elements_holder_item vertical_alignment=&#8221;middle&#8221; horizontal_alignment=&#8221;center&#8221; advanced_animations=&#8221;no&#8221;][vc_single_image image=&#8221;552&#8243; img_size=&#8221;full&#8221; qode_css_animation=&#8221;&#8221;][\/qode_elements_holder_item][qode_elements_holder_item item_padding=&#8221;30px 30px 30px 30px&#8221; vertical_alignment=&#8221;middle&#8221; horizontal_alignment=&#8221;center&#8221; advanced_animations=&#8221;no&#8221; custom_class=&#8221;vc_col-sm-pull-6&#8243;][vc_column_text]<\/p>\n<h3 style=\"text-align: center;\">Visi\u00f3<\/h3>\n<p>[\/vc_column_text][vc_empty_space height=&#8221;15px&#8221;][vc_column_text]<\/p>\n<p style=\"text-align: center;\">Cerquem l\u2019excel\u00b7l\u00e8ncia en els processos d\u2019inclusi\u00f3 social i d\u2019acceptaci\u00f3 de la diversitat dels col\u00b7lectius fragils.Volem ser referents de qualitat en la recerca de noves f\u00f2rmules per atendre a les persones grans o amb malaltia mental.<\/p>\n<p>[\/vc_column_text][\/qode_elements_holder_item][\/qode_elements_holder][\/vc_column][\/vc_row][vc_row css_animation=&#8221;&#8221; row_type=&#8221;row&#8221; use_row_as_full_screen_section=&#8221;no&#8221; type=&#8221;full_width&#8221; angled_section=&#8221;no&#8221; text_align=&#8221;left&#8221; background_image_as_pattern=&#8221;without_pattern&#8221; el_class=&#8221;cabecera&#8221; z_index=&#8221;&#8221; css=&#8221;.vc_custom_1549270098167{background-color: #ffffff !important;}&#8221;][vc_column offset=&#8221;vc_hidden-xs&#8221;][qode_elements_holder number_of_columns=&#8221;two_columns&#8221; alignment_one_column=&#8221;center&#8221;][qode_elements_holder_item vertical_alignment=&#8221;middle&#8221; horizontal_alignment=&#8221;center&#8221; advanced_animations=&#8221;no&#8221;][vc_single_image image=&#8221;558&#8243; img_size=&#8221;full&#8221; alignment=&#8221;right&#8221; qode_css_animation=&#8221;&#8221;][\/qode_elements_holder_item][qode_elements_holder_item item_padding=&#8221;30px 30px 30px 30px&#8221; vertical_alignment=&#8221;middle&#8221; horizontal_alignment=&#8221;center&#8221; advanced_animations=&#8221;no&#8221;][vc_column_text]<\/p>\n<h3 style=\"text-align: center;\">Valors<\/h3>\n<p>[\/vc_column_text][vc_empty_space height=&#8221;15px&#8221;][vc_column_text]<\/p>\n<p style=\"text-align: center;\">Comprom\u00eds social. Qualitat. Participaci\u00f3. Solidaritat. Integraci\u00f3. Excel\u00b7l\u00e8ncia. Profesionalitat. Innovaci\u00f3.<\/p>\n<p>[\/vc_column_text][\/qode_elements_holder_item][\/qode_elements_holder][\/vc_column][\/vc_row]<\/p>\n","protected":false},"excerpt":{"rendered":"<p>[vc_row css_animation=&#8221;&#8221; row_type=&#8221;row&#8221; use_row_as_full_screen_section=&#8221;no&#8221; type=&#8221;full_width&#8221; angled_section=&#8221;no&#8221; text_align=&#8221;left&#8221; background_image_as_pattern=&#8221;without_pattern&#8221; el_class=&#8221;cabecera&#8221; z_index=&#8221;&#8221;][vc_column][vc_single_image image=&#8221;557&#8243; img_size=&#8221;full&#8221; alignment=&#8221;center&#8221; qode_css_animation=&#8221;&#8221;][\/vc_column][\/vc_row][vc_row css_animation=&#8221;&#8221; row_type=&#8221;row&#8221; use_row_as_full_screen_section=&#8221;no&#8221; type=&#8221;grid&#8221; angled_section=&#8221;no&#8221; text_align=&#8221;left&#8221; background_image_as_pattern=&#8221;without_pattern&#8221; z_index=&#8221;&#8221;][vc_column][vc_empty_space height=&#8221;80px&#8221;][vc_column_text] La Fundaci\u00f3 Hestia \u00e9s una organitzaci\u00f3 sense \u00e0nim de lucre enfocada a la protecci\u00f3 de les persones m\u00e9s vulnerables, la innovaci\u00f3 en&#8230;<\/p>\n","protected":false},"author":1,"featured_media":0,"parent":0,"menu_order":0,"comment_status":"closed","ping_status":"closed","template":"full_width.php","meta":[],"_links":{"self":[{"href":"http:\/\/hestiafundacion.org\/ca\/wp-json\/wp\/v2\/pages\/539\/"}],"collection":[{"href":"http:\/\/hestiafundacion.org\/ca\/wp-json\/wp\/v2\/pages\/"}],"about":[{"href":"http:\/\/hestiafundacion.org\/ca\/wp-json\/wp\/v2\/types\/page\/"}],"author":[{"embeddable":true,"href":"http:\/\/hestiafundacion.org\/ca\/wp-json\/wp\/v2\/users\/1\/"}],"replies":[{"embeddable":true,"href":"http:\/\/hestiafundacion.org\/ca\/wp-json\/wp\/v2\/comments\/?post=539"}],"version-history":[{"count":10,"href":"http:\/\/hestiafundacion.org\/ca\/wp-json\/wp\/v2\/pages\/539\/revisions\/"}],"predecessor-version":[{"id":5885,"href":"http:\/\/hestiafundacion.org\/ca\/wp-json\/wp\/v2\/pages\/539\/revisions\/5885\/"}],"wp:attachment":[{"href":"http:\/\/hestiafundacion.org\/ca\/wp-json\/wp\/v2\/media\/?parent=539"}],"curies":[{"name":"wp","href":"https:\/\/api.w.org\/{rel}","templated":true}]}}