{"id":5933,"date":"2024-01-25T18:42:08","date_gmt":"2024-01-25T16:42:08","guid":{"rendered":"http:\/\/hestiafundacion.org\/?page_id=5933"},"modified":"2025-10-07T17:14:54","modified_gmt":"2025-10-07T15:14:54","slug":"auditoria-contable","status":"publish","type":"page","link":"http:\/\/hestiafundacion.org\/ca\/auditoria-contable\/","title":{"rendered":"Auditoria contable"},"content":{"rendered":"<p>[vc_row css_animation=&#8221;&#8221; row_type=&#8221;row&#8221; use_row_as_full_screen_section=&#8221;no&#8221; type=&#8221;full_width&#8221; angled_section=&#8221;no&#8221; text_align=&#8221;left&#8221; background_image_as_pattern=&#8221;without_pattern&#8221;][vc_column][vc_single_image image=&#8221;597&#8243; img_size=&#8221;full&#8221; qode_css_animation=&#8221;&#8221;][\/vc_column][\/vc_row][vc_row css_animation=&#8221;&#8221; row_type=&#8221;row&#8221; use_row_as_full_screen_section=&#8221;no&#8221; type=&#8221;full_width&#8221; angled_section=&#8221;no&#8221; text_align=&#8221;left&#8221; background_image_as_pattern=&#8221;without_pattern&#8221;][vc_column][vc_column_text css=&#8221;.vc_custom_1759850082530{margin-right: 150px !important;margin-bottom: 150px !important;margin-left: 150px !important;}&#8221;]<\/p>\n<ul>\n<li><a href=\"http:\/\/hestiafundacion.org\/wp-content\/uploads\/2025\/10\/CCAA-2024-F.HESTIA.pdf\">Auditoria Fundaci\u00f3 Hestia 2024<\/a><\/li>\n<li><a href=\"http:\/\/hestiafundacion.org\/wp-content\/uploads\/2025\/10\/CCAA-2023-F.HESTIA.pdf\">Auditoria Fundaci\u00f3 Hestia 2023<\/a><\/li>\n<li><a href=\"http:\/\/hestiafundacion.org\/wp-content\/uploads\/2024\/01\/CCAA-2022-FUNDACION-HESTIA.pdf\">Auditoria Fundaci\u00f3 Hestia 2022<\/a><\/li>\n<li><a href=\"http:\/\/hestiafundacion.org\/wp-content\/uploads\/2024\/01\/CCAA-2021-FUNDACION-HESTIA.pdf\">Auditoria Fundaci\u00f3 Hestia 2021<\/a><\/li>\n<li><a href=\"http:\/\/hestiafundacion.org\/wp-content\/uploads\/2024\/01\/CCAA-2020-FUNDACION-HESTIA.pdf\">Auditoria Fundaci\u00f3 Hestia 2020<\/a><\/li>\n<li><a href=\"http:\/\/hestiafundacion.org\/wp-content\/uploads\/2024\/01\/CCAA-2019-FUNDACION-HESTIA.pdf\">Auditoria Fundaci\u00f3 Hestia 2019<\/a><\/li>\n<\/ul>\n<p>[\/vc_column_text][\/vc_column][\/vc_row]<\/p>\n","protected":false},"excerpt":{"rendered":"<p>[vc_row css_animation=&#8221;&#8221; row_type=&#8221;row&#8221; use_row_as_full_screen_section=&#8221;no&#8221; type=&#8221;full_width&#8221; angled_section=&#8221;no&#8221; text_align=&#8221;left&#8221; background_image_as_pattern=&#8221;without_pattern&#8221;][vc_column][vc_single_image image=&#8221;597&#8243; img_size=&#8221;full&#8221; qode_css_animation=&#8221;&#8221;][\/vc_column][\/vc_row][vc_row css_animation=&#8221;&#8221; row_type=&#8221;row&#8221; use_row_as_full_screen_section=&#8221;no&#8221; type=&#8221;full_width&#8221; angled_section=&#8221;no&#8221; text_align=&#8221;left&#8221; background_image_as_pattern=&#8221;without_pattern&#8221;][vc_column][vc_column_text css=&#8221;.vc_custom_1759850082530{margin-right: 150px !important;margin-bottom: 150px !important;margin-left: 150px !important;}&#8221;] Auditoria Fundaci\u00f3 Hestia 2024 Auditoria Fundaci\u00f3 Hestia 2023 Auditoria Fundaci\u00f3 Hestia 2022 Auditoria Fundaci\u00f3 Hestia 2021 Auditoria Fundaci\u00f3 Hestia 2020&#8230;<\/p>\n","protected":false},"author":2,"featured_media":0,"parent":0,"menu_order":0,"comment_status":"closed","ping_status":"closed","template":"full_width.php","meta":[],"_links":{"self":[{"href":"http:\/\/hestiafundacion.org\/ca\/wp-json\/wp\/v2\/pages\/5933\/"}],"collection":[{"href":"http:\/\/hestiafundacion.org\/ca\/wp-json\/wp\/v2\/pages\/"}],"about":[{"href":"http:\/\/hestiafundacion.org\/ca\/wp-json\/wp\/v2\/types\/page\/"}],"author":[{"embeddable":true,"href":"http:\/\/hestiafundacion.org\/ca\/wp-json\/wp\/v2\/users\/2\/"}],"replies":[{"embeddable":true,"href":"http:\/\/hestiafundacion.org\/ca\/wp-json\/wp\/v2\/comments\/?post=5933"}],"version-history":[{"count":7,"href":"http:\/\/hestiafundacion.org\/ca\/wp-json\/wp\/v2\/pages\/5933\/revisions\/"}],"predecessor-version":[{"id":6898,"href":"http:\/\/hestiafundacion.org\/ca\/wp-json\/wp\/v2\/pages\/5933\/revisions\/6898\/"}],"wp:attachment":[{"href":"http:\/\/hestiafundacion.org\/ca\/wp-json\/wp\/v2\/media\/?parent=5933"}],"curies":[{"name":"wp","href":"https:\/\/api.w.org\/{rel}","templated":true}]}}