{"id":623,"date":"2019-02-04T10:45:37","date_gmt":"2019-02-04T10:45:37","guid":{"rendered":"http:\/\/hestiafundacion.org\/?page_id=623"},"modified":"2019-02-04T10:45:37","modified_gmt":"2019-02-04T10:45:37","slug":"avis-legal","status":"publish","type":"page","link":"http:\/\/hestiafundacion.org\/ca\/avis-legal\/","title":{"rendered":"Av\u00eds Legal"},"content":{"rendered":"<p>[vc_row css_animation=&#8221;&#8221; row_type=&#8221;row&#8221; use_row_as_full_screen_section=&#8221;no&#8221; type=&#8221;full_width&#8221; angled_section=&#8221;no&#8221; text_align=&#8221;left&#8221; background_image_as_pattern=&#8221;without_pattern&#8221; el_class=&#8221;parra&#8221; z_index=&#8221;&#8221;][vc_column][vc_column_text]Queda totalment prohibida la seva reproducci\u00f3, distribuci\u00f3 o enlla\u00e7 des d&#8217;una altra p\u00e0gina web sense previ consentiment expr\u00e9s i escrit de la Fundaci\u00f3 Hestia.<\/p>\n<p>La Fundaci\u00f3 Hestia es reserva en tot moment el dret de poder realitzar, sense previ av\u00eds, modificacions en el contingut de la seva p\u00e0gina web o en la configuraci\u00f3 i presentaci\u00f3 d&#8217;aquesta. Els continguts de la web s&#8217;actualitzen peri\u00f2dicament i pel fet que aquesta actualitzaci\u00f3 no \u00e9s immediata, li recomanem que confirmi sempre en Fundaci\u00f3 Hestiala vig\u00e8ncia i exactitud d&#8217;aquests continguts.<\/p>\n<p>La Fundaci\u00f3 Hestia declina qualsevol responsabilitat que pogu\u00e9s resultar per la informaci\u00f3 continguda en p\u00e0gines web de tercers a les que es pugui accedir per enlla\u00e7os -links &#8211; des de la p\u00e0gina web de la Fundaci\u00f3 Hestia. La pres\u00e8ncia d&#8217;aquest tipus d&#8217;enlla\u00e7os en la nostra p\u00e0gina web t\u00e9 una finalitat merament informativa i en cap cas suposa suggeriment, invitaci\u00f3 o recomanaci\u00f3 sobre els mateixos.<\/p>\n<p>L&#8217;usuari es compromet a utilitzar els serveis d&#8217;aquesta web d&#8217;acord amb els termes exposats en aquest &#8220;Av\u00eds legal&#8221; i la mera utilitzaci\u00f3 dels serveis d&#8217;aquest web implica l&#8217;acceptaci\u00f3 d&#8217;aquest. Per aix\u00f2, si les condicions d&#8217;\u00fas d&#8217;aquesta web detallades en aquest Av\u00eds Legal no s\u00f3n de la seva conformitat, pel seu inter\u00e8s li sol\u00b7licitem no faci \u00fas d&#8217;aquesta web, ja que qualsevol \u00fas que faci de la mateixa o dels serveis en ella inclosos implicar\u00e0 l&#8217;acceptaci\u00f3 dels termes legals recollits en aquest text.<\/p>\n<p>L&#8217;usuari d&#8217;aquesta p\u00e0gina web que atempti contra la imatge o reputaci\u00f3 de la Fundaci\u00f3 Hestia, aix\u00ed com qui utilitzi il\u00b7l\u00edcita o fraudulentament els dissenys, logos o continguts de la web, ser\u00e0 responsable enfront de Fundaci\u00f3 Hestia de la seva actuaci\u00f3.<\/p>\n<p>L&#8217;usuari que accedeixi a aquesta p\u00e0gina web accepta que Fundaci\u00f3 Hestia no ser\u00e0 responsable de cap conseq\u00fc\u00e8ncia, dany o perjudici que es derivi d&#8217;aquest acc\u00e9s o \u00fas de la informaci\u00f3 d&#8217;aquesta p\u00e0gina web o per l&#8217;acc\u00e9s a altres mat\u00e8ries a la xarxa a trav\u00e9s de les connexions amb aquesta p\u00e0gina web.[\/vc_column_text][vc_empty_space height=&#8221;80px&#8221;][\/vc_column][\/vc_row]<\/p>\n","protected":false},"excerpt":{"rendered":"<p>[vc_row css_animation=&#8221;&#8221; row_type=&#8221;row&#8221; use_row_as_full_screen_section=&#8221;no&#8221; type=&#8221;full_width&#8221; angled_section=&#8221;no&#8221; text_align=&#8221;left&#8221; background_image_as_pattern=&#8221;without_pattern&#8221; el_class=&#8221;parra&#8221; z_index=&#8221;&#8221;][vc_column][vc_column_text]Queda totalment prohibida la seva reproducci\u00f3, distribuci\u00f3 o enlla\u00e7 des d&#8217;una altra p\u00e0gina web sense previ consentiment expr\u00e9s i escrit de la Fundaci\u00f3 Hestia. La Fundaci\u00f3 Hestia es reserva en tot moment el dret de poder&#8230;<\/p>\n","protected":false},"author":1,"featured_media":0,"parent":0,"menu_order":0,"comment_status":"closed","ping_status":"closed","template":"","meta":[],"_links":{"self":[{"href":"http:\/\/hestiafundacion.org\/ca\/wp-json\/wp\/v2\/pages\/623\/"}],"collection":[{"href":"http:\/\/hestiafundacion.org\/ca\/wp-json\/wp\/v2\/pages\/"}],"about":[{"href":"http:\/\/hestiafundacion.org\/ca\/wp-json\/wp\/v2\/types\/page\/"}],"author":[{"embeddable":true,"href":"http:\/\/hestiafundacion.org\/ca\/wp-json\/wp\/v2\/users\/1\/"}],"replies":[{"embeddable":true,"href":"http:\/\/hestiafundacion.org\/ca\/wp-json\/wp\/v2\/comments\/?post=623"}],"version-history":[{"count":1,"href":"http:\/\/hestiafundacion.org\/ca\/wp-json\/wp\/v2\/pages\/623\/revisions\/"}],"predecessor-version":[{"id":624,"href":"http:\/\/hestiafundacion.org\/ca\/wp-json\/wp\/v2\/pages\/623\/revisions\/624\/"}],"wp:attachment":[{"href":"http:\/\/hestiafundacion.org\/ca\/wp-json\/wp\/v2\/media\/?parent=623"}],"curies":[{"name":"wp","href":"https:\/\/api.w.org\/{rel}","templated":true}]}}