{"id":625,"date":"2019-02-04T10:49:58","date_gmt":"2019-02-04T10:49:58","guid":{"rendered":"http:\/\/hestiafundacion.org\/?page_id=625"},"modified":"2019-02-06T11:06:10","modified_gmt":"2019-02-06T11:06:10","slug":"politica-de-cookies","status":"publish","type":"page","link":"http:\/\/hestiafundacion.org\/ca\/politica-de-cookies\/","title":{"rendered":"Pol\u00edtica de cookies"},"content":{"rendered":"<p>[vc_row css_animation=&#8221;&#8221; row_type=&#8221;row&#8221; use_row_as_full_screen_section=&#8221;no&#8221; type=&#8221;full_width&#8221; angled_section=&#8221;no&#8221; text_align=&#8221;left&#8221; background_image_as_pattern=&#8221;without_pattern&#8221; el_class=&#8221;parra&#8221; z_index=&#8221;&#8221;][vc_column][vc_column_text]<\/p>\n<p class=\"p1\"><span class=\"s1\"><b>Definici\u00f3 i funci\u00f3 de les <em>cookies<\/em><\/b><\/span><\/p>\n<p class=\"p1\"><span class=\"s1\">Una <em>cookie<\/em> \u00e9s un fitxer que es descarrega al seu ordinador \/ tablet \/ smartphone en accedir a determinades p\u00e0gines web. Les cookies permeten a una p\u00e0gina web, entre altres coses, emmagatzemar i recuperar informaci\u00f3 sobre els h\u00e0bits de navegaci\u00f3 d&#8217;un usuari o del seu equip.<\/span><\/p>\n<p class=\"p1\"><span class=\"s1\"><b><em>Cookies<\/em> que utilitzem<\/b><\/span><\/p>\n<p class=\"p1\"><span class=\"s1\"><em>Cookies<\/em> t\u00e8cniques:<\/span><\/p>\n<p class=\"p1\"><span class=\"s1\">S\u00f3n aquelles que permeten gestionar la sessi\u00f3, el registre i sol\u00b7licitud d&#8217;informaci\u00f3 des dels diferents formularis de l&#8217;aplicaci\u00f3, controlar la comunicaci\u00f3 de dada i la utilitzaci\u00f3 dels serveis. La seva finalitat \u00e9s la de prestar els serveis sol\u00b7licitats per l&#8217;usuari d&#8217;acords amb els termes de la pol\u00edtica de cookies i la normativa.<\/span><\/p>\n<p class=\"p1\"><span class=\"s1\"><em>Cookies<\/em> d&#8217;an\u00e0lisi:<\/span><\/p>\n<p class=\"p1\"><span class=\"s1\">S\u00f3n aquelles que tractades per nosaltres o per tercers (Google Analytics, Adobe Analytics o altres), ens permeten quantificar el nombre de visites a p\u00e0gines i seccions, llocs visitats pr\u00e8viament, navegadors utilitzats i temps de navegaci\u00f3. La finalitat \u00e9s l&#8217;elaboraci\u00f3 d&#8217;informes estad\u00edstics sobre el tr\u00e0nsit al lloc web i la usabilitat del mateix.<\/span><\/p>\n<p class=\"p1\"><span class=\"s1\"><em>Cookies<\/em> de configuraci\u00f3:<\/span><\/p>\n<p class=\"p1\"><span class=\"s1\">S\u00f3n aquelles que permeten adaptar al usuaris funcions de la web com l&#8217;idioma, la presentaci\u00f3 de continguts. La finalitat \u00e9s millorar i adequar l&#8217;\u00fas al perfil de cada usuari.<\/span><\/p>\n<p class=\"p1\"><span class=\"s1\"><em>Cookies<\/em> publicit\u00e0ries:<\/span><\/p>\n<p class=\"p1\"><span class=\"s1\">S\u00f3n aquelles que ens permeten gestionar les prefer\u00e8ncies de l&#8217;usuari, la interacci\u00f3 amb el lloc web, la localitzaci\u00f3 geogr\u00e0fica, les p\u00e0gines visitades, inter\u00e8s sobre productes, sistema operatiu, IP, i tipus de navegador. La seva finalitat \u00e9s la de poder personalitzar l&#8217;accions publicit\u00e0ries a cada usuari.<\/span><\/p>\n<p class=\"p1\"><span class=\"s1\"><b>Administraci\u00f3 de les <em>cookies<\/em><\/b><\/span><\/p>\n<p class=\"p1\"><span class=\"s1\">En qualsevol moment l&#8217;usuari pot desactivar, eliminar o bloquejar les cookies que s&#8217;hagin instal\u00b7lat anteriorment utilitzant els par\u00e0metres de configuraci\u00f3 del seu navegador. Els navegadors m\u00e9s utilitzats com: Internet Explorer, Google Chrome, Mozilla Firefox i Safari permeten desactivar, bloquejar o eliminar les <em>cookies<\/em>. Trobareu informaci\u00f3 a la documentaci\u00f3 de cada un d&#8217;ells.<\/span><\/p>\n<ul class=\"ul1\">\n<li class=\"li1\"><span class=\"s1\"><b>Chrome<\/b>, des de http:\/\/support.google.com\/chrome\/bin\/answer.py?hl=es&amp;answer=95647<\/span><\/li>\n<li class=\"li1\"><span class=\"s1\"><b>Explorer<\/b>, des de http:\/\/windows.microsoft.com\/es-es\/windows7\/how-to-manage-cookies-in-internet-explorer-9<\/span><\/li>\n<li class=\"li1\"><span class=\"s1\"><b>Firefox<\/b>, des de http:\/\/support.mozilla.org\/es\/kb\/habilitar-y-deshabilitar-cookies-que-los-sitios-we<\/span><\/li>\n<li class=\"li1\"><span class=\"s1\"><b>Safari<\/b>, des de http:\/\/support.apple.com\/kb\/ph5042<\/span><\/li>\n<\/ul>\n<p class=\"p1\"><span class=\"s1\"><strong>FUNDACI\u00d3 HESTIA<\/strong>\u00a0no es fa responsable de la pol\u00edtica de privacitat de tercers, ni dels possibles canvis en les funcionalitats ni documentaci\u00f3 dels link inclosos a la informaci\u00f3 dels navegadors. Si vost\u00e8 com a usuari t\u00e9 qualsevol dubte sobre la informaci\u00f3 que aqu\u00ed li facilitem pot enviar la seva sol\u00b7licitud a trav\u00e9s del formulari de contacte indicant en l&#8217;apartat missatge: &#8220;CONSULTA COOKIES&#8221;.<\/span><\/p>\n<p>[\/vc_column_text][vc_empty_space height=&#8221;80px&#8221;][\/vc_column][\/vc_row]<\/p>\n","protected":false},"excerpt":{"rendered":"<p>[vc_row css_animation=&#8221;&#8221; row_type=&#8221;row&#8221; use_row_as_full_screen_section=&#8221;no&#8221; type=&#8221;full_width&#8221; angled_section=&#8221;no&#8221; text_align=&#8221;left&#8221; background_image_as_pattern=&#8221;without_pattern&#8221; el_class=&#8221;parra&#8221; z_index=&#8221;&#8221;][vc_column][vc_column_text] Definici\u00f3 i funci\u00f3 de les cookies Una cookie \u00e9s un fitxer que es descarrega al seu ordinador \/ tablet \/ smartphone en accedir a determinades p\u00e0gines web. Les cookies permeten a una p\u00e0gina web, entre&#8230;<\/p>\n","protected":false},"author":1,"featured_media":0,"parent":0,"menu_order":0,"comment_status":"closed","ping_status":"closed","template":"","meta":[],"_links":{"self":[{"href":"http:\/\/hestiafundacion.org\/ca\/wp-json\/wp\/v2\/pages\/625\/"}],"collection":[{"href":"http:\/\/hestiafundacion.org\/ca\/wp-json\/wp\/v2\/pages\/"}],"about":[{"href":"http:\/\/hestiafundacion.org\/ca\/wp-json\/wp\/v2\/types\/page\/"}],"author":[{"embeddable":true,"href":"http:\/\/hestiafundacion.org\/ca\/wp-json\/wp\/v2\/users\/1\/"}],"replies":[{"embeddable":true,"href":"http:\/\/hestiafundacion.org\/ca\/wp-json\/wp\/v2\/comments\/?post=625"}],"version-history":[{"count":2,"href":"http:\/\/hestiafundacion.org\/ca\/wp-json\/wp\/v2\/pages\/625\/revisions\/"}],"predecessor-version":[{"id":670,"href":"http:\/\/hestiafundacion.org\/ca\/wp-json\/wp\/v2\/pages\/625\/revisions\/670\/"}],"wp:attachment":[{"href":"http:\/\/hestiafundacion.org\/ca\/wp-json\/wp\/v2\/media\/?parent=625"}],"curies":[{"name":"wp","href":"https:\/\/api.w.org\/{rel}","templated":true}]}}